{"id":445,"date":"2018-08-20T16:15:22","date_gmt":"2018-08-20T16:15:22","guid":{"rendered":"https:\/\/cyclingplanet.es\/radvermietung\/"},"modified":"2023-05-25T07:02:28","modified_gmt":"2023-05-25T07:02:28","slug":"radvermietung","status":"publish","type":"page","link":"https:\/\/www.cyclingplanet.es\/de\/radvermietung\/","title":{"rendered":"RADVERMIETUNG"},"content":{"rendered":"<p>[vc_row row_type=&#8220;row&#8220; use_row_as_full_screen_section=&#8220;no&#8220; type=&#8220;grid&#8220; text_align=&#8220;left&#8220; background_animation=&#8220;none&#8220; padding_top=&#8220;50&#8243; padding_bottom=&#8220;30&#8243; css_animation=&#8220;&#8220;][vc_column][vc_column_text]<\/p>\n<h2>JETZT BUCHEN<\/h2>\n<p>[\/vc_column_text][vc_separator type=&#8220;transparent&#8220; border_style=&#8220;&#8220; up=&#8220;20&#8243;][vc_column_text]Als Fachgesch\u00e4ft f\u00fcr Radvermietung bieten wir eine breite Palette an FELT Fahrr\u00e4dern an.<\/p>\n<p>M\u00f6chtest du ein Rennrad mit Carbon- oder Alurahmen oder ein MTB? Wir haben das beste Angebot f\u00fcr dich, damit dein Radurlaub auf Mallorca ein Traum wird. Und auch weitere Services kannst du bei uns buchen, u.a. Liefer- und Abholservice f\u00fcr deine Mietr\u00e4der.[\/vc_column_text][vc_separator type=&#8220;transparent&#8220; border_style=&#8220;&#8220; up=&#8220;20&#8243;][vc_separator type=&#8220;transparent&#8220; border_style=&#8220;&#8220; up=&#8220;20&#8243;]<a href=\"https:\/\/frontend.clicktorentabike.com\/cyclingplanet\/step1\/?lang=de&amp;noiframe=1\" target=\"_blank\"  class=\"qbutton \" style=\"\">Jetzt buchen<\/a>[\/vc_column][\/vc_row]<\/p>\n","protected":false},"excerpt":{"rendered":"<p>[vc_row row_type=&#8220;row&#8220; use_row_as_full_screen_section=&#8220;no&#8220; type=&#8220;grid&#8220; text_align=&#8220;left&#8220; background_animation=&#8220;none&#8220; padding_top=&#8220;50&#8243; padding_bottom=&#8220;30&#8243; css_animation=&#8220;&#8220;][vc_column][vc_column_text] JETZT BUCHEN [\/vc_column_text][vc_separator type=&#8220;transparent&#8220; border_style=&#8220;&#8220; up=&#8220;20&#8243;][vc_column_text]Als Fachgesch\u00e4ft f\u00fcr Radvermietung bieten wir eine breite Palette an FELT Fahrr\u00e4dern an. M\u00f6chtest du ein Rennrad mit Carbon- oder Alurahmen oder ein MTB? Wir haben das beste Angebot f\u00fcr dich,&#8230;<\/p>\n","protected":false},"author":1,"featured_media":0,"parent":0,"menu_order":0,"comment_status":"closed","ping_status":"closed","template":"full_width.php","meta":{"footnotes":""},"_links":{"self":[{"href":"https:\/\/www.cyclingplanet.es\/de\/wp-json\/wp\/v2\/pages\/445"}],"collection":[{"href":"https:\/\/www.cyclingplanet.es\/de\/wp-json\/wp\/v2\/pages"}],"about":[{"href":"https:\/\/www.cyclingplanet.es\/de\/wp-json\/wp\/v2\/types\/page"}],"author":[{"embeddable":true,"href":"https:\/\/www.cyclingplanet.es\/de\/wp-json\/wp\/v2\/users\/1"}],"replies":[{"embeddable":true,"href":"https:\/\/www.cyclingplanet.es\/de\/wp-json\/wp\/v2\/comments?post=445"}],"version-history":[{"count":4,"href":"https:\/\/www.cyclingplanet.es\/de\/wp-json\/wp\/v2\/pages\/445\/revisions"}],"predecessor-version":[{"id":2322,"href":"https:\/\/www.cyclingplanet.es\/de\/wp-json\/wp\/v2\/pages\/445\/revisions\/2322"}],"wp:attachment":[{"href":"https:\/\/www.cyclingplanet.es\/de\/wp-json\/wp\/v2\/media?parent=445"}],"curies":[{"name":"wp","href":"https:\/\/api.w.org\/{rel}","templated":true}]}}