{"id":486,"date":"2018-08-15T11:06:52","date_gmt":"2018-08-15T11:06:52","guid":{"rendered":"https:\/\/cyclingplanet.es\/kontaktiere-uns\/"},"modified":"2025-09-23T16:04:54","modified_gmt":"2025-09-23T16:04:54","slug":"kontaktiere-uns","status":"publish","type":"page","link":"https:\/\/www.cyclingplanet.es\/de\/kontaktiere-uns\/","title":{"rendered":"KONTAKTIERE UNS"},"content":{"rendered":"<p>[vc_row row_type=&#8220;row&#8220; use_row_as_full_screen_section=&#8220;no&#8220; type=&#8220;grid&#8220; text_align=&#8220;left&#8220; background_animation=&#8220;none&#8220; padding_top=&#8220;100&#8243; padding_bottom=&#8220;30&#8243; css_animation=&#8220;&#8220; background_color=&#8220;#ffffff&#8220;][vc_column width=&#8220;1\/4&#8243;]<div class='q_icon_with_title  square'><div class=\"icon_holder \" style=\" \"><div class=\"icon_holder_inner\"><span class=\"q_font_elegant_holder square  custom-font\" style=\"font-size: 25px;border-color: #1e73be;background-color: #1e73be;\"><span class=\"icon_text_icon q_font_elegant_icon icon_pin_alt\" aria-hidden=\"true\" style=\"font-size: 25px;\" ><\/span><\/span><\/div><\/div><div class=\"icon_text_holder\" style=\"padding-left: 100px\"><div class=\"icon_text_inner\" style=\"\"><h4 class=\"icon_title\" style=\"\">ADRESSE<\/h4><p style=''>Avenida constituci\u00f3, 26, 07340 Alar\u00f3, Illes Balears, Espa\u00f1a<\/p><\/div><\/div><\/div>[\/vc_column][vc_column width=&#8220;1\/4&#8243;]<div class='q_icon_with_title  square'><div class=\"icon_holder \" style=\" \"><div class=\"icon_holder_inner\"><span class=\"q_font_elegant_holder square  custom-font\" style=\"font-size: 25px;border-color: #1e73be;background-color: #1e73be;\"><span class=\"icon_text_icon q_font_elegant_icon icon_phone\" aria-hidden=\"true\" style=\"font-size: 25px;\" ><\/span><\/span><\/div><\/div><div class=\"icon_text_holder\" style=\"padding-left: 100px\"><div class=\"icon_text_inner\" style=\"\"><h4 class=\"icon_title\" style=\"\">TELEFON<\/h4><p style=''>971 510 691<\/p><\/div><\/div><\/div>[\/vc_column][vc_column width=&#8220;1\/4&#8243;]<div class='q_icon_with_title  square'><div class=\"icon_holder \" style=\" \"><div class=\"icon_holder_inner\"><span class=\"q_font_elegant_holder square  custom-font\" style=\"font-size: 25px;border-color: #1e73be;background-color: #1e73be;\"><span class=\"icon_text_icon q_font_elegant_icon social_twitter\" aria-hidden=\"true\" style=\"font-size: 25px;\" ><\/span><\/span><\/div><\/div><div class=\"icon_text_holder\" style=\"padding-left: 100px\"><div class=\"icon_text_inner\" style=\"\"><h4 class=\"icon_title\" style=\"\">TWITTER<\/h4><p style=''>#CyclingPlanet<\/p><a class='icon_with_title_link' href='https:\/\/x.com\/cyclingplanet' target='_blank' style='color: #1e73be;'>Folge uns<\/a><\/div><\/div><\/div>[\/vc_column][vc_column width=&#8220;1\/4&#8243;]<div class='q_icon_with_title  square'><div class=\"icon_holder \" style=\" \"><div class=\"icon_holder_inner\"><span class=\"q_font_elegant_holder square  custom-font\" style=\"font-size: 25px;border-color: #1e73be;background-color: #1e73be;\"><span class=\"icon_text_icon q_font_elegant_icon social_instagram\" aria-hidden=\"true\" style=\"font-size: 25px;\" ><\/span><\/span><\/div><\/div><div class=\"icon_text_holder\" style=\"padding-left: 100px\"><div class=\"icon_text_inner\" style=\"\"><h4 class=\"icon_title\" style=\"\">INSTAGRAM<\/h4><p style=''>#CyclingPlanet<\/p><a class='icon_with_title_link' href='https:\/\/www.instagram.com\/cyclingplanet_mallorca\/' target='_blank' style='color: #1e73be;'>Folge uns<\/a><\/div><\/div><\/div>[\/vc_column][\/vc_row][vc_row row_type=&#8220;row&#8220; use_row_as_full_screen_section=&#8220;no&#8220; type=&#8220;grid&#8220; text_align=&#8220;left&#8220; background_animation=&#8220;none&#8220; padding_top=&#8220;100&#8243; padding_bottom=&#8220;30&#8243; css_animation=&#8220;&#8220; background_color=&#8220;#ffffff&#8220;][vc_column width=&#8220;1\/4&#8243;]<div class='q_icon_with_title  square'><div class=\"icon_holder \" style=\" \"><div class=\"icon_holder_inner\"><span class=\"q_font_elegant_holder square  custom-font\" style=\"font-size: 25px;border-color: #1e73be;background-color: #1e73be;\"><span class=\"icon_text_icon q_font_elegant_icon icon_mobile\" aria-hidden=\"true\" style=\"font-size: 25px;\" ><\/span><\/span><\/div><\/div><div class=\"icon_text_holder\" style=\"padding-left: 100px\"><div class=\"icon_text_inner\" style=\"\"><h4 class=\"icon_title\" style=\"\">WHATSAPP<\/h4><p style=''><\/p><a class='icon_with_title_link' href='https:\/\/wa.me\/34640769416' target='_self' style='color: #1e73be;'>KONTAKTIEREN SIE UNS<\/a><\/div><\/div><\/div>[\/vc_column][vc_column width=&#8220;1\/4&#8243;]<div class='q_icon_with_title  square'><div class=\"icon_holder \" style=\" \"><div class=\"icon_holder_inner\"><span class=\"q_font_elegant_holder square  custom-font\" style=\"font-size: 25px;border-color: #1e73be;background-color: #1e73be;\"><span class=\"icon_text_icon q_font_elegant_icon icon_star\" aria-hidden=\"true\" style=\"font-size: 25px;\" ><\/span><\/span><\/div><\/div><div class=\"icon_text_holder\" style=\"padding-left: 100px\"><div class=\"icon_text_inner\" style=\"\"><h4 class=\"icon_title\" style=\"\">TEILEN SIE IHRE ERFAHRUNG<\/h4><p style=''><\/p><a class='icon_with_title_link' href='https:\/\/search.google.com\/local\/writereview?placeid=ChIJxdzIX6zBlxIRNvsEJdDWgxE' target='_self' style='color: #1e73be;'>HINTERLASSEN SIE UNS EINE BEWERTUNG<\/a><\/div><\/div><\/div>[\/vc_column][vc_column width=&#8220;1\/4&#8243;][\/vc_column][vc_column width=&#8220;1\/4&#8243;][\/vc_column][\/vc_row]<\/p>\n","protected":false},"excerpt":{"rendered":"<p>[vc_row row_type=&#8220;row&#8220; use_row_as_full_screen_section=&#8220;no&#8220; type=&#8220;grid&#8220; text_align=&#8220;left&#8220; background_animation=&#8220;none&#8220; padding_top=&#8220;100&#8243; padding_bottom=&#8220;30&#8243; css_animation=&#8220;&#8220; background_color=&#8220;#ffffff&#8220;][vc_column width=&#8220;1\/4&#8243;][\/vc_column][vc_column width=&#8220;1\/4&#8243;][\/vc_column][vc_column width=&#8220;1\/4&#8243;][\/vc_column][vc_column width=&#8220;1\/4&#8243;][\/vc_column][\/vc_row][vc_row row_type=&#8220;row&#8220; use_row_as_full_screen_section=&#8220;no&#8220; type=&#8220;grid&#8220; text_align=&#8220;left&#8220; background_animation=&#8220;none&#8220; padding_top=&#8220;100&#8243; padding_bottom=&#8220;30&#8243; css_animation=&#8220;&#8220; background_color=&#8220;#ffffff&#8220;][vc_column width=&#8220;1\/4&#8243;][\/vc_column][vc_column width=&#8220;1\/4&#8243;][\/vc_column][vc_column width=&#8220;1\/4&#8243;][\/vc_column][vc_column width=&#8220;1\/4&#8243;][\/vc_column][\/vc_row]<\/p>\n","protected":false},"author":1,"featured_media":0,"parent":0,"menu_order":0,"comment_status":"closed","ping_status":"closed","template":"contact-page.php","meta":{"footnotes":""},"_links":{"self":[{"href":"https:\/\/www.cyclingplanet.es\/de\/wp-json\/wp\/v2\/pages\/486"}],"collection":[{"href":"https:\/\/www.cyclingplanet.es\/de\/wp-json\/wp\/v2\/pages"}],"about":[{"href":"https:\/\/www.cyclingplanet.es\/de\/wp-json\/wp\/v2\/types\/page"}],"author":[{"embeddable":true,"href":"https:\/\/www.cyclingplanet.es\/de\/wp-json\/wp\/v2\/users\/1"}],"replies":[{"embeddable":true,"href":"https:\/\/www.cyclingplanet.es\/de\/wp-json\/wp\/v2\/comments?post=486"}],"version-history":[{"count":7,"href":"https:\/\/www.cyclingplanet.es\/de\/wp-json\/wp\/v2\/pages\/486\/revisions"}],"predecessor-version":[{"id":2593,"href":"https:\/\/www.cyclingplanet.es\/de\/wp-json\/wp\/v2\/pages\/486\/revisions\/2593"}],"wp:attachment":[{"href":"https:\/\/www.cyclingplanet.es\/de\/wp-json\/wp\/v2\/media?parent=486"}],"curies":[{"name":"wp","href":"https:\/\/api.w.org\/{rel}","templated":true}]}}