{"id":519,"date":"2018-10-24T21:53:47","date_gmt":"2018-10-24T21:53:47","guid":{"rendered":"https:\/\/cyclingplanet.es\/shop\/"},"modified":"2025-09-18T12:53:17","modified_gmt":"2025-09-18T12:53:17","slug":"shop-2","status":"publish","type":"page","link":"https:\/\/www.cyclingplanet.es\/de\/shop-2\/","title":{"rendered":"Gesch\u00e4ft"},"content":{"rendered":"<p>[vc_row row_type=&#8220;row&#8220; use_row_as_full_screen_section=&#8220;no&#8220; type=&#8220;grid&#8220; text_align=&#8220;left&#8220; background_animation=&#8220;none&#8220; padding_top=&#8220;50&#8243; padding_bottom=&#8220;30&#8243; css_animation=&#8220;&#8220;][vc_column][vc_column_text]<\/p>\n<h2>F\u00fchrende Marken, die Enthusiasten gewidmet sind<\/h2>\n<p>[\/vc_column_text][\/vc_column][\/vc_row][vc_row row_type=&#8220;row&#8220; use_row_as_full_screen_section=&#8220;no&#8220; type=&#8220;grid&#8220; text_align=&#8220;left&#8220; background_animation=&#8220;none&#8220; padding_top=&#8220;30&#8243; padding_bottom=&#8220;30&#8243; css_animation=&#8220;&#8220;][vc_column width=&#8220;1\/4&#8243;][vc_column_text]Seit 2012 bietet unser Fahrradgesch\u00e4ft ein umfangreiches Sortiment an Top-Enthusiasten von f\u00fchrenden Marken an. Gobik, Felt, FRM, um nur einige zu nennen, finden Sie neben unserer entspannten Bar, frischem Kaffee und famili\u00e4rem Empfang.[\/vc_column_text][vc_separator type=&#8220;transparent&#8220; border_style=&#8220;&#8220; up=&#8220;15&#8243; down=&#8220;15&#8243;][vc_column_text]Unsere <a href=\"https:\/\/cyclingplanet.es\/staff\/\">Mitarbeiter<\/a> sind alle Radsportbegeisterten und k\u00f6nnen Ihnen Ratschl\u00e4ge und Tipps zu allen unseren Produkten geben, die Ihnen neben den Sehensw\u00fcrdigkeiten und den besten Routen, ganz gleich, was Sie m\u00f6gen oder welche Herausforderung ist, sind. Von Strandseite bis zu Bergen sind wir ideal f\u00fcr Sie, um sie alle zu reiten.[\/vc_column_text][vc_separator type=&#8220;transparent&#8220; border_style=&#8220;&#8220; up=&#8220;15&#8243; down=&#8220;15&#8243;][vc_column_text]Besuche uns, profitiere von unserem G\u00e4ste-WLAN und komm mit uns ins Gespr\u00e4ch. Du kannst dich darauf verlassen, dass du herzlich empfangen wirst und willkommen bist, die Cycling Planet Atmosph\u00e4re zu schnuppern.[\/vc_column_text][\/vc_column][vc_column width=&#8220;3\/4&#8243;][vc_gallery type=&#8220;image_grid&#8220; images=&#8220;2067,2075,2083,2092,2104,2418&#8243; img_size=&#8220;full&#8220; onclick=&#8220;&#8220; column_number=&#8220;3&#8243; grayscale=&#8220;no&#8220; space_between_images=&#8220;yes&#8220;][\/vc_column][\/vc_row][vc_row row_type=&#8220;row&#8220; use_row_as_full_screen_section=&#8220;no&#8220; type=&#8220;grid&#8220; text_align=&#8220;center&#8220; background_animation=&#8220;none&#8220; padding_top=&#8220;20&#8243; padding_bottom=&#8220;20&#8243; css_animation=&#8220;&#8220;][vc_column][vc_empty_space height=&#8220;30px&#8220;][\/vc_column][\/vc_row][vc_row row_type=&#8220;row&#8220; use_row_as_full_screen_section=&#8220;no&#8220; type=&#8220;grid&#8220; text_align=&#8220;left&#8220; background_animation=&#8220;none&#8220; padding_top=&#8220;30&#8243; padding_bottom=&#8220;30&#8243; css_animation=&#8220;&#8220; background_color=&#8220;#ffffff&#8220;][vc_column][vc_column_text]<\/p>\n<h2>Unterkunft Links<\/h2>\n<p>[\/vc_column_text][vc_column_text]Solltest du eine Unterkunft ben\u00f6tigen, k\u00f6nnen wir einige lokale Anbieter empfehlen[\/vc_column_text][vc_empty_space height=&#8220;25px&#8220;][\/vc_column][\/vc_row][vc_row row_type=&#8220;row&#8220; use_row_as_full_screen_section=&#8220;no&#8220; type=&#8220;grid&#8220; text_align=&#8220;left&#8220; background_animation=&#8220;none&#8220; padding_bottom=&#8220;35&#8243; css_animation=&#8220;&#8220; background_color=&#8220;#ffffff&#8220;][vc_column width=&#8220;1\/4&#8243;][vc_single_image image=&#8220;520&#8243; img_size=&#8220;&#8220; alignment=&#8220;center&#8220; style=&#8220;vc_box_shadow&#8220; onclick=&#8220;custom_link&#8220; img_link_target=&#8220;_blank&#8220; qode_css_animation=&#8220;&#8220; link=&#8220;http:\/\/petithotelalaro.es\/&#8220;][\/vc_column][vc_column width=&#8220;1\/4&#8243;][vc_column_text]<\/p>\n<h4>Petit Hotel Alaro<\/h4>\n<p>[\/vc_column_text][vc_empty_space height=&#8220;15px&#8220;][vc_column_text]Das Hotel bietet Zugang zu einigen spektakul\u00e4ren Radwegen. Gepaart mit einer sch\u00f6nen Landschaft und einem ganz eigenen Charme, ist es ein idealer Ort f\u00fcr einen Radurlaub[\/vc_column_text][\/vc_column][vc_column width=&#8220;1\/4&#8243;][vc_single_image image=&#8220;1008&#8243; img_size=&#8220;&#8220; alignment=&#8220;center&#8220; style=&#8220;vc_box_shadow&#8220; onclick=&#8220;custom_link&#8220; img_link_target=&#8220;_blank&#8220; qode_css_animation=&#8220;&#8220; link=&#8220;https:\/\/www.bikevillasmallorca.com\/&#8220;][\/vc_column][vc_column width=&#8220;1\/4&#8243;][vc_column_text]<\/p>\n<h4>Bike Villas<\/h4>\n<p>[\/vc_column_text][vc_empty_space height=&#8220;15px&#8220;][vc_column_text]Eine handverlesene Auswahl an Fahrradvillen mit Online-Buchung.[\/vc_column_text][\/vc_column][\/vc_row]<\/p>\n","protected":false},"excerpt":{"rendered":"<p>[vc_row row_type=&#8220;row&#8220; use_row_as_full_screen_section=&#8220;no&#8220; type=&#8220;grid&#8220; text_align=&#8220;left&#8220; background_animation=&#8220;none&#8220; padding_top=&#8220;50&#8243; padding_bottom=&#8220;30&#8243; css_animation=&#8220;&#8220;][vc_column][vc_column_text] F\u00fchrende Marken, die Enthusiasten gewidmet sind [\/vc_column_text][\/vc_column][\/vc_row][vc_row row_type=&#8220;row&#8220; use_row_as_full_screen_section=&#8220;no&#8220; type=&#8220;grid&#8220; text_align=&#8220;left&#8220; background_animation=&#8220;none&#8220; padding_top=&#8220;30&#8243; padding_bottom=&#8220;30&#8243; css_animation=&#8220;&#8220;][vc_column width=&#8220;1\/4&#8243;][vc_column_text]Seit 2012 bietet unser Fahrradgesch\u00e4ft ein umfangreiches Sortiment an Top-Enthusiasten von f\u00fchrenden Marken an. Gobik, Felt, FRM, um nur einige zu&#8230;<\/p>\n","protected":false},"author":1,"featured_media":0,"parent":0,"menu_order":0,"comment_status":"closed","ping_status":"closed","template":"full_width.php","meta":{"footnotes":""},"_links":{"self":[{"href":"https:\/\/www.cyclingplanet.es\/de\/wp-json\/wp\/v2\/pages\/519"}],"collection":[{"href":"https:\/\/www.cyclingplanet.es\/de\/wp-json\/wp\/v2\/pages"}],"about":[{"href":"https:\/\/www.cyclingplanet.es\/de\/wp-json\/wp\/v2\/types\/page"}],"author":[{"embeddable":true,"href":"https:\/\/www.cyclingplanet.es\/de\/wp-json\/wp\/v2\/users\/1"}],"replies":[{"embeddable":true,"href":"https:\/\/www.cyclingplanet.es\/de\/wp-json\/wp\/v2\/comments?post=519"}],"version-history":[{"count":4,"href":"https:\/\/www.cyclingplanet.es\/de\/wp-json\/wp\/v2\/pages\/519\/revisions"}],"predecessor-version":[{"id":2422,"href":"https:\/\/www.cyclingplanet.es\/de\/wp-json\/wp\/v2\/pages\/519\/revisions\/2422"}],"wp:attachment":[{"href":"https:\/\/www.cyclingplanet.es\/de\/wp-json\/wp\/v2\/media?parent=519"}],"curies":[{"name":"wp","href":"https:\/\/api.w.org\/{rel}","templated":true}]}}