{"id":1038,"date":"2018-10-24T21:53:47","date_gmt":"2018-10-24T21:53:47","guid":{"rendered":"https:\/\/cyclingplanet.es\/tienda\/"},"modified":"2025-09-18T12:52:34","modified_gmt":"2025-09-18T12:52:34","slug":"tienda","status":"publish","type":"page","link":"https:\/\/www.cyclingplanet.es\/es\/tienda\/","title":{"rendered":"PRODUCTOS"},"content":{"rendered":"<p>[vc_row row_type=\u00bbrow\u00bb use_row_as_full_screen_section=\u00bbno\u00bb type=\u00bbgrid\u00bb text_align=\u00bbleft\u00bb background_animation=\u00bbnone\u00bb padding_top=\u00bb50&#8243; padding_bottom=\u00bb30&#8243; css_animation=\u00bb\u00bb][vc_column][vc_column_text]<\/p>\n<h2>las mejores marcas para los entusiastas del ciclismo<\/h2>\n<p>[\/vc_column_text][\/vc_column][\/vc_row][vc_row row_type=\u00bbrow\u00bb use_row_as_full_screen_section=\u00bbno\u00bb type=\u00bbgrid\u00bb text_align=\u00bbleft\u00bb background_animation=\u00bbnone\u00bb padding_top=\u00bb30&#8243; padding_bottom=\u00bb30&#8243; css_animation=\u00bb\u00bb][vc_column width=\u00bb1\/4&#8243;][vc_column_text]Desde 2012, nuestra tienda de bicicletas ha ofrecido una amplia gama de productos de las principales marcas. Gobik, Felt, Cinelli y Scott, s\u00f3lo para nombrar algunas se pueden encontrar junto a nuestro bar con ambiente familiar y relajado, para tomar un cafe o disfrutar de un pa amb oli o nuestras tartas[\/vc_column_text][vc_separator type=\u00bbtransparent\u00bb border_style=\u00bb\u00bb up=\u00bb15&#8243; down=\u00bb15&#8243;][vc_column_text]Nuestro <a href=\"https:\/\/cyclingplanet.es\/staff\/\">personal <\/a>\u00a0todos entusiastas del ciclismo le puede ofrecer sobre todos nuestros productos junto con lugares para visitar y las mejores rutas sea cual sea su gusto o desaf\u00edo. Desde la playa hasta las monta\u00f1as, estamos situados en unlugar donde puedes disfrutar de todo.[\/vc_column_text][vc_separator type=\u00bbtransparent\u00bb border_style=\u00bb\u00bb up=\u00bb15&#8243; down=\u00bb15&#8243;][vc_column_text]Ven a vernos, disfruta de nuestro Wifi gratuito y rel\u00e1jate, podr\u00e1s estar seguro de una c\u00e1lida bienvenida y nuestra experiencia \u00fanica en el mundo del ciclismo.[\/vc_column_text][\/vc_column][vc_column width=\u00bb3\/4&#8243;][vc_gallery type=\u00bbimage_grid\u00bb images=\u00bb2411,2139,2016,2018,2020,2024,2068,2076,2088,2095,2419,2105&#8243; img_size=\u00bbfull\u00bb onclick=\u00bb\u00bb column_number=\u00bb3&#8243; grayscale=\u00bbno\u00bb space_between_images=\u00bbyes\u00bb][\/vc_column][\/vc_row][vc_row row_type=\u00bbrow\u00bb use_row_as_full_screen_section=\u00bbno\u00bb type=\u00bbgrid\u00bb text_align=\u00bbcenter\u00bb background_animation=\u00bbnone\u00bb padding_top=\u00bb20&#8243; padding_bottom=\u00bb20&#8243; css_animation=\u00bb\u00bb][vc_column][vc_empty_space height=\u00bb30px\u00bb][\/vc_column][\/vc_row][vc_row row_type=\u00bbrow\u00bb use_row_as_full_screen_section=\u00bbno\u00bb type=\u00bbgrid\u00bb text_align=\u00bbleft\u00bb background_animation=\u00bbnone\u00bb padding_top=\u00bb30&#8243; padding_bottom=\u00bb30&#8243; css_animation=\u00bb\u00bb background_color=\u00bb#ffffff\u00bb][vc_column][vc_column_text]<\/p>\n<h2>Enlaces de alojamiento<\/h2>\n<p>[\/vc_column_text][vc_column_text]Si necesita encontrar alg\u00fan alojamiento local, podemos recomendar los siguientes proveedores[\/vc_column_text][vc_empty_space height=\u00bb25px\u00bb][\/vc_column][\/vc_row][vc_row row_type=\u00bbrow\u00bb use_row_as_full_screen_section=\u00bbno\u00bb type=\u00bbgrid\u00bb text_align=\u00bbleft\u00bb background_animation=\u00bbnone\u00bb padding_bottom=\u00bb35&#8243; css_animation=\u00bb\u00bb background_color=\u00bb#ffffff\u00bb][vc_column width=\u00bb1\/4&#8243;][vc_single_image image=\u00bb741&#8243; img_size=\u00bb\u00bb alignment=\u00bbcenter\u00bb style=\u00bbvc_box_shadow\u00bb onclick=\u00bbcustom_link\u00bb img_link_target=\u00bb_blank\u00bb qode_css_animation=\u00bb\u00bb link=\u00bbhttp:\/\/petithotelalaro.es\/\u00bb][\/vc_column][vc_column width=\u00bb1\/4&#8243;][vc_column_text]<\/p>\n<h4>Petit Hotel Alaro<\/h4>\n<p>[\/vc_column_text][vc_empty_space height=\u00bb15px\u00bb][vc_column_text]Este hotel ofrece acceso a algunas rutas de ciclismo espectaculares. Junto con hermosos paisajes y un encanto \u00fanico, es un lugar ideal para unas vacaciones en bicicleta[\/vc_column_text][\/vc_column][vc_column width=\u00bb1\/4&#8243;][vc_single_image image=\u00bb1009&#8243; img_size=\u00bb\u00bb alignment=\u00bbcenter\u00bb style=\u00bbvc_box_shadow\u00bb onclick=\u00bbcustom_link\u00bb img_link_target=\u00bb_blank\u00bb qode_css_animation=\u00bb\u00bb link=\u00bbhttps:\/\/www.bikevillasmallorca.com\/\u00bb][\/vc_column][vc_column width=\u00bb1\/4&#8243;][vc_column_text]<\/p>\n<h4>Bike Villas<\/h4>\n<p>[\/vc_column_text][vc_empty_space height=\u00bb15px\u00bb][vc_column_text]las mejores villas para bicicletas con reserva en l\u00ednea.[\/vc_column_text][\/vc_column][\/vc_row]<\/p>\n","protected":false},"excerpt":{"rendered":"<p>[vc_row row_type=\u00bbrow\u00bb use_row_as_full_screen_section=\u00bbno\u00bb type=\u00bbgrid\u00bb text_align=\u00bbleft\u00bb background_animation=\u00bbnone\u00bb padding_top=\u00bb50&#8243; padding_bottom=\u00bb30&#8243; css_animation=\u00bb\u00bb][vc_column][vc_column_text] las mejores marcas para los entusiastas del ciclismo [\/vc_column_text][\/vc_column][\/vc_row][vc_row row_type=\u00bbrow\u00bb use_row_as_full_screen_section=\u00bbno\u00bb type=\u00bbgrid\u00bb text_align=\u00bbleft\u00bb background_animation=\u00bbnone\u00bb padding_top=\u00bb30&#8243; padding_bottom=\u00bb30&#8243; css_animation=\u00bb\u00bb][vc_column width=\u00bb1\/4&#8243;][vc_column_text]Desde 2012, nuestra tienda de bicicletas ha ofrecido una amplia gama de productos de las principales marcas. Gobik, Felt,&#8230;<\/p>\n","protected":false},"author":1,"featured_media":0,"parent":0,"menu_order":0,"comment_status":"closed","ping_status":"closed","template":"full_width.php","meta":{"footnotes":""},"_links":{"self":[{"href":"https:\/\/www.cyclingplanet.es\/es\/wp-json\/wp\/v2\/pages\/1038"}],"collection":[{"href":"https:\/\/www.cyclingplanet.es\/es\/wp-json\/wp\/v2\/pages"}],"about":[{"href":"https:\/\/www.cyclingplanet.es\/es\/wp-json\/wp\/v2\/types\/page"}],"author":[{"embeddable":true,"href":"https:\/\/www.cyclingplanet.es\/es\/wp-json\/wp\/v2\/users\/1"}],"replies":[{"embeddable":true,"href":"https:\/\/www.cyclingplanet.es\/es\/wp-json\/wp\/v2\/comments?post=1038"}],"version-history":[{"count":5,"href":"https:\/\/www.cyclingplanet.es\/es\/wp-json\/wp\/v2\/pages\/1038\/revisions"}],"predecessor-version":[{"id":2421,"href":"https:\/\/www.cyclingplanet.es\/es\/wp-json\/wp\/v2\/pages\/1038\/revisions\/2421"}],"wp:attachment":[{"href":"https:\/\/www.cyclingplanet.es\/es\/wp-json\/wp\/v2\/media?parent=1038"}],"curies":[{"name":"wp","href":"https:\/\/api.w.org\/{rel}","templated":true}]}}