{"id":1710,"date":"2022-10-06T07:22:27","date_gmt":"2022-10-06T07:22:27","guid":{"rendered":"https:\/\/cyclingplanet.es\/?page_id=1710"},"modified":"2025-09-25T10:32:02","modified_gmt":"2025-09-25T10:32:02","slug":"excursiones","status":"publish","type":"page","link":"https:\/\/www.cyclingplanet.es\/es\/excursiones\/","title":{"rendered":"EXCURSIONES"},"content":{"rendered":"<p>[vc_row row_type=\u00bbrow\u00bb use_row_as_full_screen_section=\u00bbno\u00bb type=\u00bbgrid\u00bb text_align=\u00bbleft\u00bb background_animation=\u00bbnone\u00bb padding_top=\u00bb50&#8243; css_animation=\u00bb\u00bb][vc_column][vc_column_text]<\/p>\n<h2>EXPLORA LO MEJOR QUE MALLORCA TIENE PARA OFRECER CON NUESTRAS VISITAS GUIADAS EN BICICLETA<\/h2>\n<p>[\/vc_column_text][vc_separator type=\u00bbtransparent\u00bb border_style=\u00bb\u00bb up=\u00bb20&#8243;][vc_column_text]Con tres disciplinas diferentes para elegir, nuestros ciclistas experimentados te ayudar\u00e1n a descubrir esta hermosa isla, ya sea MTB, Gravel o Ciclismo de ruta.[\/vc_column_text][\/vc_column][\/vc_row][vc_row row_type=\u00bbrow\u00bb use_row_as_full_screen_section=\u00bbno\u00bb type=\u00bbgrid\u00bb text_align=\u00bbleft\u00bb background_animation=\u00bbnone\u00bb padding_top=\u00bb50&#8243; padding_bottom=\u00bb0&#8243; css_animation=\u00bb\u00bb][vc_column width=\u00bb1\/3&#8243;][vc_column_text]<\/p>\n<h2>GRAVA<\/h2>\n<p>[\/vc_column_text][vc_separator type=\u00bbtransparent\u00bb border_style=\u00bb\u00bb up=\u00bb20&#8243;][vc_column_text]Con la ruta de gravel descubrir\u00e1s los senderos secretos del pla de Mallorca y pasear\u00e1s por los vi\u00f1edos y cerca de la costa mediterr\u00e1nea. Las vistas son fant\u00e1sticas.[\/vc_column_text][vc_separator type=\u00bbtransparent\u00bb border_style=\u00bb\u00bb up=\u00bb20&#8243;][vc_column_text]<\/p>\n<h4>Precios<\/h4>\n<p>[\/vc_column_text][vc_separator type=\u00bbtransparent\u00bb border_style=\u00bb\u00bb up=\u00bb20&#8243;][vc_column_text]<strong>Individual:<\/strong><\/p>\n<p>Una Persona &#8211; \u20ac160<br \/>\nDos Personas &#8211; \u20ac80<br \/>\nTres Personas &#8211; \u20ac55<\/p>\n<p><strong>Precio de Grupo:<\/strong><\/p>\n<p>Min 4 Personas &#8211; \u20ac40 Cada Uno[\/vc_column_text][vc_separator type=\u00bbtransparent\u00bb border_style=\u00bb\u00bb up=\u00bb20&#8243;][\/vc_column][vc_column width=\u00bb1\/3&#8243;][vc_column_text]<\/p>\n<h2>MTB<\/h2>\n<p>[\/vc_column_text][vc_separator type=\u00bbtransparent\u00bb border_style=\u00bb\u00bb up=\u00bb20&#8243;][vc_column_text]Las rutas de BTT discurren por la Serra de Tramuntana, declarada Patrimonio de la Humanidad por la UNESCO. Descubre algunos de los senderos m\u00e1s divertidos de la isla con nuestros gu\u00edas BTT.[\/vc_column_text][vc_separator type=\u00bbtransparent\u00bb border_style=\u00bb\u00bb up=\u00bb20&#8243;][vc_column_text]<\/p>\n<h4>Precios<\/h4>\n<p>[\/vc_column_text][vc_separator type=\u00bbtransparent\u00bb border_style=\u00bb\u00bb up=\u00bb20&#8243;][vc_column_text]<strong>Individual:<\/strong><\/p>\n<p>Una Persona &#8211; \u20ac160<br \/>\nDos Personas &#8211; \u20ac80<br \/>\nTres Personas &#8211; \u20ac55<\/p>\n<p><strong>Precio de Grupo:<\/strong><\/p>\n<p>Min 4 Personas &#8211; \u20ac40 Cada Uno[\/vc_column_text][vc_separator type=\u00bbtransparent\u00bb border_style=\u00bb\u00bb up=\u00bb20&#8243;][\/vc_column][vc_column width=\u00bb1\/3&#8243;][vc_column_text]<\/p>\n<h2>LA CARRETERA<\/h2>\n<p>[\/vc_column_text][vc_separator type=\u00bbtransparent\u00bb border_style=\u00bb\u00bb up=\u00bb20&#8243;][vc_column_text]Nuestras rutas Road descubren las carreteras m\u00e1s bonitas de la isla. De la monta\u00f1a al llano, montando la m\u00edtica subida de sa calobra, el faro de formentor, o en los llanos con peque\u00f1os caminos entre vi\u00f1edos y almendros.[\/vc_column_text][vc_separator type=\u00bbtransparent\u00bb border_style=\u00bb\u00bb up=\u00bb20&#8243;][vc_column_text]<\/p>\n<h4>Precios<\/h4>\n<p>[\/vc_column_text][vc_separator type=\u00bbtransparent\u00bb border_style=\u00bb\u00bb up=\u00bb20&#8243;][vc_column_text]<strong>Individual:<\/strong><\/p>\n<p>Una Persona &#8211; \u20ac160<br \/>\nDos Personas &#8211; \u20ac80<br \/>\nTres Personas &#8211; \u20ac55<\/p>\n<p><strong>Precio de Grupo:<\/strong><\/p>\n<p>Min 4 Personas &#8211; \u20ac40 Cada Uno[\/vc_column_text][vc_separator type=\u00bbtransparent\u00bb border_style=\u00bb\u00bb up=\u00bb20&#8243;][\/vc_column][\/vc_row][vc_row row_type=\u00bbrow\u00bb use_row_as_full_screen_section=\u00bbno\u00bb type=\u00bbgrid\u00bb text_align=\u00bbleft\u00bb background_animation=\u00bbnone\u00bb css_animation=\u00bb\u00bb][vc_column][vc_gallery type=\u00bbimage_grid\u00bb images=\u00bb2265,2268,2271,2274,2277,2280,2283,2286,2289,2292,2295,2298&#8243; img_size=\u00bb500&#215;500&#8243; column_number=\u00bb4&#8243; grayscale=\u00bbno\u00bb space_between_images=\u00bbyes\u00bb][\/vc_column][\/vc_row][vc_row row_type=\u00bbrow\u00bb use_row_as_full_screen_section=\u00bbno\u00bb type=\u00bbgrid\u00bb text_align=\u00bbleft\u00bb background_animation=\u00bbnone\u00bb padding_top=\u00bb50&#8243; padding_bottom=\u00bb30&#8243; css_animation=\u00bb\u00bb][vc_column][vc_column_text]<\/p>\n<h2 style=\"text-align: left;\">\u00bfTIENE ALGUNA PREGUNTA? CONTACTA CON NUESTRO EQUIPO DE GU\u00cdA<\/h2>\n<p>[\/vc_column_text]<a href=\"https:\/\/www.cyclingplanet.es\/es\/contactenos\/\" target=\"_self\"  class=\"qbutton  large\" style=\"margin: 10px 0px 0px 0px; \">Contacto<\/a>[vc_separator type=\u00bbtransparent\u00bb border_style=\u00bb\u00bb up=\u00bb20&#8243;][\/vc_column][\/vc_row][vc_row row_type=\u00bbrow\u00bb use_row_as_full_screen_section=\u00bbno\u00bb type=\u00bbgrid\u00bb text_align=\u00bbleft\u00bb background_animation=\u00bbnone\u00bb padding_top=\u00bb15&#8243; padding_bottom=\u00bb15&#8243; css_animation=\u00bb\u00bb css=\u00bb.vc_custom_1543154856975{background-color: #ecc177 !important;}\u00bb][vc_column][vc_column_text]<\/p>\n<h6><span style=\"color: #000000;\">Tenga en cuenta que no aceptamos American Express<\/span><\/h6>\n<p>[\/vc_column_text][\/vc_column][\/vc_row]<\/p>\n","protected":false},"excerpt":{"rendered":"<p>[vc_row row_type=\u00bbrow\u00bb use_row_as_full_screen_section=\u00bbno\u00bb type=\u00bbgrid\u00bb text_align=\u00bbleft\u00bb background_animation=\u00bbnone\u00bb padding_top=\u00bb50&#8243; css_animation=\u00bb\u00bb][vc_column][vc_column_text] EXPLORA LO MEJOR QUE MALLORCA TIENE PARA OFRECER CON NUESTRAS VISITAS GUIADAS EN BICICLETA [\/vc_column_text][vc_separator type=\u00bbtransparent\u00bb border_style=\u00bb\u00bb up=\u00bb20&#8243;][vc_column_text]Con tres disciplinas diferentes para elegir, nuestros ciclistas experimentados te ayudar\u00e1n a descubrir esta hermosa isla, ya sea MTB, Gravel&#8230;<\/p>\n","protected":false},"author":1,"featured_media":0,"parent":0,"menu_order":0,"comment_status":"closed","ping_status":"closed","template":"full_width.php","meta":{"footnotes":""},"_links":{"self":[{"href":"https:\/\/www.cyclingplanet.es\/es\/wp-json\/wp\/v2\/pages\/1710"}],"collection":[{"href":"https:\/\/www.cyclingplanet.es\/es\/wp-json\/wp\/v2\/pages"}],"about":[{"href":"https:\/\/www.cyclingplanet.es\/es\/wp-json\/wp\/v2\/types\/page"}],"author":[{"embeddable":true,"href":"https:\/\/www.cyclingplanet.es\/es\/wp-json\/wp\/v2\/users\/1"}],"replies":[{"embeddable":true,"href":"https:\/\/www.cyclingplanet.es\/es\/wp-json\/wp\/v2\/comments?post=1710"}],"version-history":[{"count":15,"href":"https:\/\/www.cyclingplanet.es\/es\/wp-json\/wp\/v2\/pages\/1710\/revisions"}],"predecessor-version":[{"id":2620,"href":"https:\/\/www.cyclingplanet.es\/es\/wp-json\/wp\/v2\/pages\/1710\/revisions\/2620"}],"wp:attachment":[{"href":"https:\/\/www.cyclingplanet.es\/es\/wp-json\/wp\/v2\/media?parent=1710"}],"curies":[{"name":"wp","href":"https:\/\/api.w.org\/{rel}","templated":true}]}}