{"id":746,"date":"2018-08-15T11:06:52","date_gmt":"2018-08-15T11:06:52","guid":{"rendered":"https:\/\/cyclingplanet.es\/cycling-planet\/"},"modified":"2025-10-27T07:51:07","modified_gmt":"2025-10-27T07:51:07","slug":"cycling-planet-2","status":"publish","type":"page","link":"https:\/\/www.cyclingplanet.es\/es\/","title":{"rendered":"CYCLING PLANET"},"content":{"rendered":"<p>[vc_row row_type=\u00bbrow\u00bb use_row_as_full_screen_section=\u00bbno\u00bb type=\u00bbfull_width\u00bb text_align=\u00bbleft\u00bb background_animation=\u00bbnone\u00bb css_animation=\u00bb\u00bb background_color=\u00bb#ffffff\u00bb][vc_column][layerslider_vc id=\u00bb3&#8243;][vc_row_inner row_type=\u00bbrow\u00bb type=\u00bbgrid\u00bb use_row_as_full_screen_section_slide=\u00bbno\u00bb text_align=\u00bbleft\u00bb padding_top=\u00bb80&#8243; padding_bottom=\u00bb80&#8243; css_animation=\u00bb\u00bb background_color=\u00bb#ffffff\u00bb][vc_column_inner][vc_column_text]<\/p>\n<h4>\u00bfQUI\u00c9NES SOMOS?<\/h4>\n<p>[\/vc_column_text][vc_separator type=\u00bbtransparent\u00bb border_style=\u00bb\u00bb up=\u00bb20&#8243;][vc_column_text]<\/p>\n<h2>CAFETERIA Y TIENDA DE CICLISMO EN MALLORCA DESDE 2012<\/h2>\n<p>[\/vc_column_text][vc_separator type=\u00bbtransparent\u00bb border_style=\u00bb\u00bb up=\u00bb20&#8243;][vc_column_text]Bienvenidos a Cycling Planet, creado en 2012, es una cafeteria y tienda de bicicletas dise\u00f1ada para los apasionados del ciclismo que le ofrecer\u00e1 una experiencia inolvidable. Nuestro principal objetivo era crear un lugar que cumpliera con las expectativas de los ciclistas, combinando todos los diferentes servicios que ofrece el mundo del ciclismo en un mismo lugar, en nuestra isla paradis\u00edaca que nos ofrece tantas rutas incre\u00edbles, ya sea a trav\u00e9s de nuestras monta\u00f1as con su bicicleta de monta\u00f1a o a lo largo de nuestras hermosas carreteras.<\/p>\n<p>&nbsp;<\/p>\n<p>Adem\u00e1s de crear una fusi\u00f3n entre una tienda de ciclismo, un bar y un taller. En Cycling Planet hemos utilizado la madera del velodromo Palma Arena, donde se disputo el cto del mundo de pista en 2007, siendo uno de nuestros signos de identidad dando un car\u00e1cter \u00fanico a nuestra tienda. Encontrar\u00e1 un entorno de ciclismo maravilloso para relajarse y sentirse c\u00f3modo en un lugar encantador y acogedor.[\/vc_column_text][\/vc_column_inner][\/vc_row_inner][\/vc_column][\/vc_row][vc_row row_type=\u00bbrow\u00bb use_row_as_full_screen_section=\u00bbno\u00bb type=\u00bbfull_width\u00bb text_align=\u00bbleft\u00bb background_animation=\u00bbnone\u00bb css_animation=\u00bb\u00bb][vc_column][vc_row_inner row_type=\u00bbrow\u00bb type=\u00bbgrid\u00bb use_row_as_full_screen_section_slide=\u00bbno\u00bb text_align=\u00bbleft\u00bb padding_top=\u00bb80&#8243; padding_bottom=\u00bb40&#8243; css_animation=\u00bb\u00bb][vc_column_inner width=\u00bb1\/3&#8243;][vc_column_text]<\/p>\n<h6>SERVICIOS<\/h6>\n<p>[\/vc_column_text][vc_separator type=\u00bbtransparent\u00bb border_style=\u00bb\u00bb up=\u00bb5&#8243;][vc_column_text]<\/p>\n<h5>ALQUILER DE BICICLETAS<\/h5>\n<p>[\/vc_column_text][vc_separator type=\u00bbtransparent\u00bb border_style=\u00bb\u00bb up=\u00bb20&#8243;][vc_column_text]<\/p>\n<p data-start=\"108\" data-end=\"397\">Vea nuestra gama de bicicletas <strong data-start=\"139\" data-end=\"164\">Trek, Cinelli y Orbea<\/strong> y reserve online 24\/7. Compruebe la disponibilidad, personalice las funciones y consulte nuestro servicio de <strong data-start=\"274\" data-end=\"308\">entrega y recogida a domicilio<\/strong>.<br data-start=\"309\" data-end=\"312\" \/><strong>\u00a1Solo pagar\u00e1 el 25 % por adelantado!<\/strong> El resto se abona en el momento de la entrega.<\/p>\n<p>[\/vc_column_text][vc_separator type=\u00bbtransparent\u00bb border_style=\u00bb\u00bb up=\u00bb5&#8243;]<a href=\"https:\/\/frontend.clicktorentabike.com\/cyclingplanet\/step1\/?lang=es&amp;noiframe=1\" target=\"_blank\"  class=\"qbutton  large qbutton_with_icon\" style=\"border-color: #000000; border-radius: 15px;-moz-border-radius: 15px;-webkit-border-radius: 15px; \">ALQUILER DE BICICLETAS<i class=\"qode_icon_font_awesome fa fa-arrow-circle-right button_icon\" style=\"\" ><\/i><\/a>[vc_separator type=\u00bbtransparent\u00bb border_style=\u00bb\u00bb up=\u00bb40&#8243;][\/vc_column_inner][vc_column_inner width=\u00bb1\/3&#8243;][vc_column_text]<\/p>\n<h6>TALLER<\/h6>\n<p>[\/vc_column_text][vc_separator type=\u00bbtransparent\u00bb border_style=\u00bb\u00bb up=\u00bb5&#8243;][vc_column_text]<\/p>\n<h5>REPARACIONES DE BICICLETAS<\/h5>\n<p>[\/vc_column_text][vc_separator type=\u00bbtransparent\u00bb border_style=\u00bb\u00bb up=\u00bb20&#8243;][vc_column_text]Desde centrado de ruedas, reparaci\u00f3n de radios, montaje, ajustes, mantenimiento y m\u00e1s. Nuestro taller in situ ofrece una gama completa de servicios.[\/vc_column_text][vc_separator type=\u00bbtransparent\u00bb border_style=\u00bb\u00bb up=\u00bb73&#8243;]<a href=\"bike_repairs\/\" target=\"_self\"  class=\"qbutton  large qbutton_with_icon\" style=\"border-color: #000000; border-radius: 15px;-moz-border-radius: 15px;-webkit-border-radius: 15px; \">TALLER<i class=\"qode_icon_font_awesome fa fa-arrow-circle-right button_icon\" style=\"\" ><\/i><\/a>[vc_separator type=\u00bbtransparent\u00bb border_style=\u00bb\u00bb up=\u00bb40&#8243;][\/vc_column_inner][vc_column_inner width=\u00bb1\/3&#8243;][vc_column_text]<\/p>\n<h6>ATENDEMOS<\/h6>\n<p>[\/vc_column_text][vc_separator type=\u00bbtransparent\u00bb border_style=\u00bb\u00bb up=\u00bb5&#8243;][vc_column_text]<\/p>\n<h5>CAFETER\u00cdA<\/h5>\n<p>[\/vc_column_text][vc_separator type=\u00bbtransparent\u00bb border_style=\u00bb\u00bb up=\u00bb20&#8243;][vc_column_text]Nuestra cafeter\u00eda ofrece una amplia gama de refrescos y caf\u00e9s de la mano de Arabay ,los mejores ingredientes locales y nuestro famoso ambiente relajado y divertido.[\/vc_column_text][vc_separator type=\u00bbtransparent\u00bb border_style=\u00bb\u00bb up=\u00bb73&#8243;]<a href=\"bar\/\" target=\"_self\"  class=\"qbutton  large qbutton_with_icon\" style=\"border-color: #000000; border-radius: 15px;-moz-border-radius: 15px;-webkit-border-radius: 15px; \">CAFETER\u00cdA<i class=\"qode_icon_font_awesome fa fa-arrow-circle-right button_icon\" style=\"\" ><\/i><\/a>[vc_separator type=\u00bbtransparent\u00bb border_style=\u00bb\u00bb up=\u00bb40&#8243;][\/vc_column_inner][\/vc_row_inner][\/vc_column][\/vc_row][vc_row row_type=\u00bbrow\u00bb use_row_as_full_screen_section=\u00bbno\u00bb type=\u00bbfull_width\u00bb text_align=\u00bbleft\u00bb background_animation=\u00bbnone\u00bb css_animation=\u00bb\u00bb][vc_column][vc_gallery type=\u00bbimage_grid\u00bb images=\u00bb665,664,663,662&#8243; img_size=\u00bblarge\u00bb onclick=\u00bb\u00bb column_number=\u00bb4&#8243; grayscale=\u00bbno\u00bb space_between_images=\u00bbno\u00bb][\/vc_column][\/vc_row]<\/p>\n","protected":false},"excerpt":{"rendered":"<p>[vc_row row_type=\u00bbrow\u00bb use_row_as_full_screen_section=\u00bbno\u00bb type=\u00bbfull_width\u00bb text_align=\u00bbleft\u00bb background_animation=\u00bbnone\u00bb css_animation=\u00bb\u00bb background_color=\u00bb#ffffff\u00bb][vc_column][layerslider_vc id=\u00bb3&#8243;][vc_row_inner row_type=\u00bbrow\u00bb type=\u00bbgrid\u00bb use_row_as_full_screen_section_slide=\u00bbno\u00bb text_align=\u00bbleft\u00bb padding_top=\u00bb80&#8243; padding_bottom=\u00bb80&#8243; css_animation=\u00bb\u00bb background_color=\u00bb#ffffff\u00bb][vc_column_inner][vc_column_text] \u00bfQUI\u00c9NES SOMOS? [\/vc_column_text][vc_separator type=\u00bbtransparent\u00bb border_style=\u00bb\u00bb up=\u00bb20&#8243;][vc_column_text] CAFETERIA Y TIENDA DE CICLISMO EN MALLORCA DESDE 2012 [\/vc_column_text][vc_separator type=\u00bbtransparent\u00bb border_style=\u00bb\u00bb up=\u00bb20&#8243;][vc_column_text]Bienvenidos a Cycling Planet, creado en 2012, es una cafeteria&#8230;<\/p>\n","protected":false},"author":1,"featured_media":0,"parent":0,"menu_order":0,"comment_status":"closed","ping_status":"closed","template":"full_width.php","meta":{"footnotes":""},"_links":{"self":[{"href":"https:\/\/www.cyclingplanet.es\/es\/wp-json\/wp\/v2\/pages\/746"}],"collection":[{"href":"https:\/\/www.cyclingplanet.es\/es\/wp-json\/wp\/v2\/pages"}],"about":[{"href":"https:\/\/www.cyclingplanet.es\/es\/wp-json\/wp\/v2\/types\/page"}],"author":[{"embeddable":true,"href":"https:\/\/www.cyclingplanet.es\/es\/wp-json\/wp\/v2\/users\/1"}],"replies":[{"embeddable":true,"href":"https:\/\/www.cyclingplanet.es\/es\/wp-json\/wp\/v2\/comments?post=746"}],"version-history":[{"count":19,"href":"https:\/\/www.cyclingplanet.es\/es\/wp-json\/wp\/v2\/pages\/746\/revisions"}],"predecessor-version":[{"id":2623,"href":"https:\/\/www.cyclingplanet.es\/es\/wp-json\/wp\/v2\/pages\/746\/revisions\/2623"}],"wp:attachment":[{"href":"https:\/\/www.cyclingplanet.es\/es\/wp-json\/wp\/v2\/media?parent=746"}],"curies":[{"name":"wp","href":"https:\/\/api.w.org\/{rel}","templated":true}]}}